{"id":10,"date":"2024-03-20T12:47:38","date_gmt":"2024-03-20T11:47:38","guid":{"rendered":"https:\/\/wp.kartony24.eu\/?page_id=10"},"modified":"2024-03-20T13:35:01","modified_gmt":"2024-03-20T12:35:01","slug":"wyszukiwarka-b2b","status":"publish","type":"page","link":"https:\/\/wp.kartony24.eu\/index.php\/wyszukiwarka-b2b\/","title":{"rendered":"Wyszukiwarka B2B PL"},"content":{"rendered":"<div class=\"everest-forms\"><div class=\"evf-container default\" id=\"evf-9\"><form id=\"evf-form-9\" class=\"everest-form\" data-formid=\"9\" data-ajax_submission=\"0\" data-keyboard_friendly_form=\"0\" method=\"post\" enctype=\"multipart\/form-data\" action=\"\/index.php\/wp-json\/wp\/v2\/pages\/10\"><div class=\"evf-field-container\"><input type=\"hidden\" id=\"_wpnonce9\" name=\"_wpnonce9\" value=\"e4e03fe657\" \/><input type=\"hidden\" name=\"_wp_http_referer\" value=\"\/index.php\/wp-json\/wp\/v2\/pages\/10\" \/><div class=\"evf-frontend-row\" data-row=\"row_1\" conditional_rules=\"[]\"><div class=\"evf-frontend-grid evf-grid-1\" data-grid=\"grid_1\"><div id=\"evf-9-field_yrONnz4tR4-2-container\" class=\"evf-field evf-field-number form-row evf-field-id-quantity validate-required\" data-required-field-message=\"*Podaj ilo\u015b\u0107 sztuk nak\u0142adu\" data-field-id=\"yrONnz4tR4-2\"><label class=\"evf-field-label\" for=\"evf-9-field_yrONnz4tR4-2\"><span class=\"evf-label\">Podaj nak\u0142ad<\/span> <abbr class=\"required\" title=\"Required\">*<\/abbr><\/label><input type=\"number\" id=\"evf-9-field_yrONnz4tR4-2\" class=\"input-text\" name=\"everest_forms[form_fields][yrONnz4tR4-2]\" step=\"1\" min=\"1\" max=\"1000000\" required\/><\/div><\/div><\/div><div class=\"evf-frontend-row\" data-row=\"row_3\" conditional_rules=\"[]\"><div class=\"evf-frontend-grid evf-grid-1\" data-grid=\"grid_1\"><div id=\"evf-9-field_3X8DpFUwG8-18-container\" class=\"evf-field evf-field-select form-row evf-field-id-length validate-required\" data-required-field-message=\"This field is required.\" data-field-id=\"3X8DpFUwG8-18\"><label class=\"evf-field-label\" for=\"evf-9-field_3X8DpFUwG8-18\"><span class=\"evf-label\">Wybierz karton<\/span> <abbr class=\"required\" title=\"Required\">*<\/abbr><\/label><select id=\"evf-9-field_3X8DpFUwG8-18\" class=\"input-text evf-field-required\" name=\"everest_forms[form_fields][3X8DpFUwG8-18]\" required=\"required\" ><option value=\"\" class=\"placeholder\" disabled >Wybierz z listy lub wpisz szukany rozmiar [d\u0142*szer*wys]<\/option><option value=\"70*70*500 | fala B | fasonowy | szary\"  selected='selected'>70*70*500 | fala B | fasonowy | szary<\/option><option value=\"70*70*750 | fala B | fasonowy | szary\" >70*70*750 | fala B | fasonowy | szary<\/option><option value=\"70*70*1000 | fala B | fasonowy | szary\" >70*70*1000 | fala B | fasonowy | szary<\/option><option value=\"100*100*600 | fala B | klapowy | szary\" >100*100*600 | fala B | klapowy | szary<\/option><option value=\"100*100*800 | fala B | klapowy | szary\" >100*100*800 | fala B | klapowy | szary<\/option><option value=\"100*100*1000 | fala B | klapowy | szary\" >100*100*1000 | fala B | klapowy | szary<\/option><option value=\"100*100*1200 | fala B | klapowy | szary\" >100*100*1200 | fala B | klapowy | szary<\/option><option value=\"150*150*150 | fala B | klapowy | szary\" >150*150*150 | fala B | klapowy | szary<\/option><option value=\"160*110*70 | fala E | fasonowy | szary\" >160*110*70 | fala E | fasonowy | szary<\/option><option value=\"160*110*70 | fala E | fasonowy | bia\u0142y\" >160*110*70 | fala E | fasonowy | bia\u0142y<\/option><option value=\"180*120*40 | fala E | fasonowy | szary\" >180*120*40 | fala E | fasonowy | szary<\/option><option value=\"180*120*40 | fala E | fasonowy | bia\u0142y\" >180*120*40 | fala E | fasonowy | bia\u0142y<\/option><option value=\"200*120*40 | fala E | fasonowy | szary\" >200*120*40 | fala E | fasonowy | szary<\/option><option value=\"200*140*60 | fala E | fasonowy | szary\" >200*140*60 | fala E | fasonowy | szary<\/option><option value=\"200*150*50 | fala E | fasonowy | szary\" >200*150*50 | fala E | fasonowy | szary<\/option><option value=\"200*150*50 | fala E | fasonowy | bia\u0142y\" >200*150*50 | fala E | fasonowy | bia\u0142y<\/option><option value=\"200*150*75 | fala B | automatyczne dno | szary\" >200*150*75 | fala B | automatyczne dno | szary<\/option><option value=\"200*100*80 | fala B | klapowy | szary\" >200*100*80 | fala B | klapowy | szary<\/option><option value=\"200*120*80 | fala B | klapowy | szary\" >200*120*80 | fala B | klapowy | szary<\/option><option value=\"200*150*80 | fala B | klapowy | szary\" >200*150*80 | fala B | klapowy | szary<\/option><option value=\"200*150*100 | fala B | klapowy | szary\" >200*150*100 | fala B | klapowy | szary<\/option><option value=\"200*150*150 | fala B | klapowy | szary\" >200*150*150 | fala B | klapowy | szary<\/option><option value=\"200*200*70 | fala B | klapowy | szary\" >200*200*70 | fala B | klapowy | szary<\/option><option value=\"200*200*70 | fala E | fasonowy | szary\" >200*200*70 | fala E | fasonowy | szary<\/option><option value=\"200*200*70 | fala E | fasonowy | bia\u0142y\" >200*200*70 | fala E | fasonowy | bia\u0142y<\/option><option value=\"200*200*100 | fala B | klapowy | szary\" >200*200*100 | fala B | klapowy | szary<\/option><option value=\"200*200*150 | fala B | klapowy | szary\" >200*200*150 | fala B | klapowy | szary<\/option><option value=\"200*200*200 | fala B | klapowy | szary\" >200*200*200 | fala B | klapowy | szary<\/option><option value=\"200*200*300 | fala B | klapowy | szary\" >200*200*300 | fala B | klapowy | szary<\/option><option value=\"230*160*20 | fala E | fasonowy | szary\" >230*160*20 | fala E | fasonowy | szary<\/option><option value=\"240*200*80 | fala E | fasonowy | szary\" >240*200*80 | fala E | fasonowy | szary<\/option><option value=\"250*150*100 | fala B | klapowy | szary\" >250*150*100 | fala B | klapowy | szary<\/option><option value=\"250*150*100 | fala B | automatyczne dno | szary\" >250*150*100 | fala B | automatyczne dno | szary<\/option><option value=\"250*150*150 | fala B | klapowy | szary\" >250*150*150 | fala B | klapowy | szary<\/option><option value=\"250*150*150 | fala EB | klapowy | szary\" >250*150*150 | fala EB | klapowy | szary<\/option><option value=\"250*150*200 | fala B | klapowy | szary\" >250*150*200 | fala B | klapowy | szary<\/option><option value=\"250*160*100 | fala E | fasonowy | szary\" >250*160*100 | fala E | fasonowy | szary<\/option><option value=\"250*180*40 | fala E | fasonowy | szary\" >250*180*40 | fala E | fasonowy | szary<\/option><option value=\"250*200*50 | fala E | fasonowy | szary\" >250*200*50 | fala E | fasonowy | szary<\/option><option value=\"250*200*50 | fala E | fasonowy | bia\u0142y\" >250*200*50 | fala E | fasonowy | bia\u0142y<\/option><option value=\"250*200*70 | fala B | klapowy | szary\" >250*200*70 | fala B | klapowy | szary<\/option><option value=\"250*200*100 | fala B | klapowy | szary\" >250*200*100 | fala B | klapowy | szary<\/option><option value=\"250*200*150 | fala B | klapowy | szary\" >250*200*150 | fala B | klapowy | szary<\/option><option value=\"250*200*200 | fala B | klapowy | szary\" >250*200*200 | fala B | klapowy | szary<\/option><option value=\"250*250*100 | fala B | klapowy | szary\" >250*250*100 | fala B | klapowy | szary<\/option><option value=\"250*250*150 | fala B | klapowy | szary\" >250*250*150 | fala B | klapowy | szary<\/option><option value=\"250*250*200 | fala B | klapowy | szary\" >250*250*200 | fala B | klapowy | szary<\/option><option value=\"250*250*250 | fala B | klapowy | szary\" >250*250*250 | fala B | klapowy | szary<\/option><option value=\"250*250*300 | fala B | klapowy | szary\" >250*250*300 | fala B | klapowy | szary<\/option><option value=\"300*200*190 | fala B | fasonowy z paskiem klejowym | szary\" >300*200*190 | fala B | fasonowy z paskiem klejowym | szary<\/option><option value=\"300*150*100 | fala B | klapowy | szary\" >300*150*100 | fala B | klapowy | szary<\/option><option value=\"300*150*150 | fala B | klapowy | szary\" >300*150*150 | fala B | klapowy | szary<\/option><option value=\"300*200*70 | fala B | klapowy | szary\" >300*200*70 | fala B | klapowy | szary<\/option><option value=\"300*200*70 | fala E | fasonowy | szary\" >300*200*70 | fala E | fasonowy | szary<\/option><option value=\"300*200*70 | fala E | fasonowy | bia\u0142y\" >300*200*70 | fala E | fasonowy | bia\u0142y<\/option><option value=\"300*200*100 | fala B | klapowy | szary\" >300*200*100 | fala B | klapowy | szary<\/option><option value=\"300*200*150 | fala B | klapowy | szary\" >300*200*150 | fala B | klapowy | szary<\/option><option value=\"300*200*150 | fala C | klapowy | szary\" >300*200*150 | fala C | klapowy | szary<\/option><option value=\"300*200*150 | fala EB | klapowy | szary\" >300*200*150 | fala EB | klapowy | szary<\/option><option value=\"300*200*150 | fala B | klapowy | bia\u0142y\" >300*200*150 | fala B | klapowy | bia\u0142y<\/option><option value=\"300*200*150 | fala B | automatyczne dno | szary\" >300*200*150 | fala B | automatyczne dno | szary<\/option><option value=\"300*200*190 | fala ED | klapowy | szary\" >300*200*190 | fala ED | klapowy | szary<\/option><option value=\"300*200*200 | fala B | klapowy | szary\" >300*200*200 | fala B | klapowy | szary<\/option><option value=\"300*200*200 | fala C | klapowy | szary\" >300*200*200 | fala C | klapowy | szary<\/option><option value=\"300*200*200 | fala EB | klapowy | szary\" >300*200*200 | fala EB | klapowy | szary<\/option><option value=\"300*200*250 | fala B | klapowy | szary\" >300*200*250 | fala B | klapowy | szary<\/option><option value=\"300*200*300 | fala B | klapowy | szary\" >300*200*300 | fala B | klapowy | szary<\/option><option value=\"300*200*400 | fala B | klapowy | szary\" >300*200*400 | fala B | klapowy | szary<\/option><option value=\"300*250*150 | fala B | klapowy | szary\" >300*250*150 | fala B | klapowy | szary<\/option><option value=\"300*300*150 | fala B | klapowy | szary\" >300*300*150 | fala B | klapowy | szary<\/option><option value=\"300*300*200 | fala B | klapowy | szary\" >300*300*200 | fala B | klapowy | szary<\/option><option value=\"300*300*300 | fala B | klapowy | szary\" >300*300*300 | fala B | klapowy | szary<\/option><option value=\"300*300*400 | fala B | klapowy | szary\" >300*300*400 | fala B | klapowy | szary<\/option><option value=\"multimail A5+\" >multimail A5+<\/option><option value=\"310*220*55 | fala E | fasonowy | szary\" >310*220*55 | fala E | fasonowy | szary<\/option><option value=\"310*220*55 | fala E | fasonowy | bia\u0142y\" >310*220*55 | fala E | fasonowy | bia\u0142y<\/option><option value=\"310*220*60 | fala E | fasonowy | szary\" >310*220*60 | fala E | fasonowy | szary<\/option><option value=\"310*220*150 | fala B | klapowy | szary\" >310*220*150 | fala B | klapowy | szary<\/option><option value=\"350*230*40 | fala E | fasonowy | szary\" >350*230*40 | fala E | fasonowy | szary<\/option><option value=\"350*200*100 | fala B | klapowy | szary\" >350*200*100 | fala B | klapowy | szary<\/option><option value=\"350*200*150 | fala B | klapowy | szary\" >350*200*150 | fala B | klapowy | szary<\/option><option value=\"350*200*200 | fala B | klapowy | szary\" >350*200*200 | fala B | klapowy | szary<\/option><option value=\"350*250*70 | fala B | klapowy | szary\" >350*250*70 | fala B | klapowy | szary<\/option><option value=\"350*250*90 | fala E | fasonowy | szary\" >350*250*90 | fala E | fasonowy | szary<\/option><option value=\"350*250*90 | fala E | fasonowy | bia\u0142y\" >350*250*90 | fala E | fasonowy | bia\u0142y<\/option><option value=\"350*250*100 | fala B | klapowy | szary\" >350*250*100 | fala B | klapowy | szary<\/option><option value=\"350*250*150 | fala B | klapowy | szary\" >350*250*150 | fala B | klapowy | szary<\/option><option value=\"350*250*150 | fala C | klapowy | szary\" >350*250*150 | fala C | klapowy | szary<\/option><option value=\"350*250*150 | fala EB | klapowy | szary\" >350*250*150 | fala EB | klapowy | szary<\/option><option value=\"350*250*150 | fala B | klapowy | bia\u0142y\" >350*250*150 | fala B | klapowy | bia\u0142y<\/option><option value=\"350*250*150 | fala B | automatyczne dno | szary\" >350*250*150 | fala B | automatyczne dno | szary<\/option><option value=\"350*250*190 | fala ED | klapowy | szary\" >350*250*190 | fala ED | klapowy | szary<\/option><option value=\"350*250*200 | fala B | klapowy | szary\" >350*250*200 | fala B | klapowy | szary<\/option><option value=\"350*250*250 | fala B | klapowy | szary\" >350*250*250 | fala B | klapowy | szary<\/option><option value=\"350*250*250 | fala C | klapowy | szary\" >350*250*250 | fala C | klapowy | szary<\/option><option value=\"350*250*250 | fala EB | klapowy | szary\" >350*250*250 | fala EB | klapowy | szary<\/option><option value=\"350*250*300 | fala B | klapowy | szary\" >350*250*300 | fala B | klapowy | szary<\/option><option value=\"350*300*200 | fala B | klapowy | szary\" >350*300*200 | fala B | klapowy | szary<\/option><option value=\"350*350*250 | fala B | klapowy | szary\" >350*350*250 | fala B | klapowy | szary<\/option><option value=\"350*350*350 | fala B | klapowy | szary\" >350*350*350 | fala B | klapowy | szary<\/option><\/select><\/div><\/div><\/div><div class=\"evf-frontend-row\" data-row=\"row_2\" conditional_rules=\"[]\"><div class=\"evf-frontend-grid evf-grid-1\" data-grid=\"grid_1\"><div id=\"evf-9-field_tiw6fFXU39-9-container\" class=\"evf-field evf-field-email form-row evf-field-id-email validate-required validate-email\" data-required-field-message=\"Please enter a valid email address.\" data-field-id=\"tiw6fFXU39-9\"><label class=\"evf-field-label\" for=\"evf-9-field_tiw6fFXU39-9\"><span class=\"evf-label\">Adres e-mail<\/span> <abbr class=\"required\" title=\"Required\">*<\/abbr><\/label><input type=\"email\" id=\"evf-9-field_tiw6fFXU39-9\" class=\"input-text\" name=\"everest_forms[form_fields][tiw6fFXU39-9]\" required ><\/div><div id=\"evf-9-field_zeNoUSQ89P-10-container\" class=\"evf-field evf-field-text form-row evf-field-id-phone validate-required\" data-required-field-message=\"This field is required.\" data-field-id=\"zeNoUSQ89P-10\"><label class=\"evf-field-label\" for=\"evf-9-field_zeNoUSQ89P-10\"><span class=\"evf-label\">Nr telefonu<\/span> <abbr class=\"required\" title=\"Required\">*<\/abbr><\/label><input type=\"text\" id=\"evf-9-field_zeNoUSQ89P-10\" class=\"input-text\" name=\"everest_forms[form_fields][zeNoUSQ89P-10]\" placeholder=\"+48\" required><\/div><div id=\"evf-9-field_X0gI0uVEZ6-11-container\" class=\"evf-field evf-field-textarea form-row evf-field-id-notes\" data-field-id=\"X0gI0uVEZ6-11\"><label class=\"evf-field-label\" for=\"evf-9-field_X0gI0uVEZ6-11\"><span class=\"evf-label\">Dodatkowe uwagi<\/span> <\/label><textarea id=\"evf-9-field_X0gI0uVEZ6-11\" class=\"input-text\" name=\"everest_forms[form_fields][X0gI0uVEZ6-11]\" placeholder=\"Wpisz dodatkowe informajce\"  ><\/textarea><\/div><\/div><\/div><\/div><div class=\"evf-honeypot-container evf-field-hp\"><label for=\"evf-9-field-hp\" class=\"evf-field-label\">Name<\/label><input type=\"text\" name=\"everest_forms[hp]\" id=\"evf-9-field-hp\" class=\"input-text\"><\/div><div class=\"evf-submit-container \" ><input type=\"hidden\" name=\"everest_forms[id]\" value=\"9\"><input type=\"hidden\" name=\"everest_forms[author]\" value=\"1\"><button type='submit' name='everest_forms[submit]' class='everest-forms-submit-button button evf-submit ' id='evf-submit-9' value='evf-submit' data-process-text=\"Przetwarzanie..\" conditional_rules='&quot;&quot;' conditional_id='evf-submit-9'  id=\"evf-submit-9\" aria-live=\"assertive\">ZAMAWIAM WYCEN\u0118<\/button><\/div><\/form><\/div><!-- .evf-container --><\/div>","protected":false},"excerpt":{"rendered":"","protected":false},"author":1,"featured_media":0,"parent":0,"menu_order":0,"comment_status":"closed","ping_status":"closed","template":"","meta":{"footnotes":""},"class_list":["post-10","page","type-page","status-publish","hentry"],"_links":{"self":[{"href":"https:\/\/wp.kartony24.eu\/index.php\/wp-json\/wp\/v2\/pages\/10","targetHints":{"allow":["GET"]}}],"collection":[{"href":"https:\/\/wp.kartony24.eu\/index.php\/wp-json\/wp\/v2\/pages"}],"about":[{"href":"https:\/\/wp.kartony24.eu\/index.php\/wp-json\/wp\/v2\/types\/page"}],"author":[{"embeddable":true,"href":"https:\/\/wp.kartony24.eu\/index.php\/wp-json\/wp\/v2\/users\/1"}],"replies":[{"embeddable":true,"href":"https:\/\/wp.kartony24.eu\/index.php\/wp-json\/wp\/v2\/comments?post=10"}],"version-history":[{"count":2,"href":"https:\/\/wp.kartony24.eu\/index.php\/wp-json\/wp\/v2\/pages\/10\/revisions"}],"predecessor-version":[{"id":15,"href":"https:\/\/wp.kartony24.eu\/index.php\/wp-json\/wp\/v2\/pages\/10\/revisions\/15"}],"wp:attachment":[{"href":"https:\/\/wp.kartony24.eu\/index.php\/wp-json\/wp\/v2\/media?parent=10"}],"curies":[{"name":"wp","href":"https:\/\/api.w.org\/{rel}","templated":true}]}}